{"id":245,"date":"2026-01-31T15:30:02","date_gmt":"2026-01-31T15:30:02","guid":{"rendered":"https:\/\/trifkebmd.rs\/?post_type=product&#038;p=245"},"modified":"2026-02-01T13:26:57","modified_gmt":"2026-02-01T13:26:57","slug":"francuski-lezaj-elit","status":"publish","type":"product","link":"https:\/\/trifkebmd.rs\/index.php\/product\/francuski-lezaj-elit\/","title":{"rendered":"Francuski le\u017eaj Elit"},"content":{"rendered":"<p>Francuski le\u017eaj Elit 160\u00d7200 \u2013 braon<\/p>\n<p>Francuski le\u017eaj Elit je prakti\u010dan i vizuelno atraktivan model koji se uklapa u savremene enterijere. Osnova le\u017eaja izra\u0111ena je od daske, \u0161to obezbe\u0111uje \u010dvrstu i stabilnu konstrukciju. Tapaciran je prijatnom tkaninom u braon boji, koja prostoru daje toplinu i elegantan izgled.<\/p>\n<p>Uzglavlje je visoko i dekorativno pro\u0161iveno, pru\u017eaju\u0107i udobnost pri sedenju i dodatnu estetsku vrednost. Metalne nogice dopunjuju moderan stil i osiguravaju stabilnost.<\/p>\n<p>Karakteristike:<\/p>\n<p>Konstrukcija: Stabilna i izdr\u017eljiva, izra\u0111ena od topole, bele iverice i lesonita<br \/>\nDu\u0161ek: Ugra\u0111eno \u017ei\u010dano jezgro pru\u017ea optimalnu podr\u0161ku telu i udoban san<br \/>\nMaterijal: Tapaciran prijatnim i kvalitetnim \u0161tofom koji doprinosi elegantnom izgledu<br \/>\nProstor za odlaganje: Prostrana kutija za posteljinu sa gasnim amortizerima za lako podizanje<br \/>\nVisina uzglavlja: 120 cm \u2013 elegantno oblikovano, savr\u0161eno za oslanjanje pri \u010ditanju ili gledanju TV-a<br \/>\nVisina sedi\u0161ta: 60 cm \u2013 idealna visina za udoban ulazak i izlazak iz kreveta<br \/>\nDimenzije du\u0161eka : 160cm x 200cm<\/p>\n<p>Le\u017eaj Elit je odli\u010dan izbor za one koji \u017eele funkcionalan, udoban i vizuelno dopadljiv komad name\u0161taja za svoju spava\u0107u sobu.<\/p>\n","protected":false},"excerpt":{"rendered":"<h1 class=\"text-dune text-base font-semibold md:text-xl\" data-testid=\"product-title\">160&#215;200, Braon<\/h1>\n","protected":false},"featured_media":249,"comment_status":"open","ping_status":"closed","template":"","meta":[],"product_brand":[],"product_cat":[25],"product_tag":[],"class_list":{"0":"post-245","1":"product","2":"type-product","3":"status-publish","4":"has-post-thumbnail","6":"product_cat-francuski-lezaj","8":"first","9":"instock","10":"sale","11":"shipping-taxable","12":"purchasable","13":"product-type-simple"},"jetpack_sharing_enabled":true,"_links":{"self":[{"href":"https:\/\/trifkebmd.rs\/index.php\/wp-json\/wp\/v2\/product\/245","targetHints":{"allow":["GET"]}}],"collection":[{"href":"https:\/\/trifkebmd.rs\/index.php\/wp-json\/wp\/v2\/product"}],"about":[{"href":"https:\/\/trifkebmd.rs\/index.php\/wp-json\/wp\/v2\/types\/product"}],"replies":[{"embeddable":true,"href":"https:\/\/trifkebmd.rs\/index.php\/wp-json\/wp\/v2\/comments?post=245"}],"wp:featuredmedia":[{"embeddable":true,"href":"https:\/\/trifkebmd.rs\/index.php\/wp-json\/wp\/v2\/media\/249"}],"wp:attachment":[{"href":"https:\/\/trifkebmd.rs\/index.php\/wp-json\/wp\/v2\/media?parent=245"}],"wp:term":[{"taxonomy":"product_brand","embeddable":true,"href":"https:\/\/trifkebmd.rs\/index.php\/wp-json\/wp\/v2\/product_brand?post=245"},{"taxonomy":"product_cat","embeddable":true,"href":"https:\/\/trifkebmd.rs\/index.php\/wp-json\/wp\/v2\/product_cat?post=245"},{"taxonomy":"product_tag","embeddable":true,"href":"https:\/\/trifkebmd.rs\/index.php\/wp-json\/wp\/v2\/product_tag?post=245"}],"curies":[{"name":"wp","href":"https:\/\/api.w.org\/{rel}","templated":true}]}}