{"id":250,"date":"2026-01-31T15:31:23","date_gmt":"2026-01-31T15:31:23","guid":{"rendered":"https:\/\/trifkebmd.rs\/?post_type=product&#038;p=250"},"modified":"2026-02-01T13:26:41","modified_gmt":"2026-02-01T13:26:41","slug":"francuski-lezaj-maja","status":"publish","type":"product","link":"https:\/\/trifkebmd.rs\/index.php\/product\/francuski-lezaj-maja\/","title":{"rendered":"Francuski le\u017eaj Maja"},"content":{"rendered":"<p style=\"font-weight: 400;\"><b><strong>Francuski le\u017eaj Maja \u2013 spoj funkcionalnosti i stila<\/strong><\/b><\/p>\n<p style=\"font-weight: 400;\">Francuski le\u017eaj\u00a0<b><strong>Maja<\/strong><\/b>\u00a0je savr\u0161en izbor za sve koji \u017eele eleganciju i udobnost u svojoj spava\u0107oj sobi. Sa modernim dizajnom i kvalitetnim materijalima, le\u017eaj Maja pru\u017ea izuzetnu podr\u0161ku i udobnost, dok prakti\u010dne funkcionalnosti \u010dine svakodnevno kori\u0161\u0107enje jo\u0161 jednostavnijim.<\/p>\n<p style=\"font-weight: 400;\"><b><strong>Karakteristike:<\/strong><\/b><\/p>\n<ul style=\"font-weight: 400;\">\n<li><b><strong>Konstrukcija:<\/strong><\/b>\u00a0\u010cvrsta i stabilna, izra\u0111ena od topole, bele iverice i belog lesonita, \u0161to le\u017eaju Maja daje dugotrajan \u017eivotni vek<\/li>\n<li><b><strong>Du\u0161ek:<\/strong><\/b>\u00a0\u017di\u010dano jezgro koje pru\u017ea optimalnu podr\u0161ku telu, idealno za miran i udoban san<\/li>\n<li><b><strong>Materijal:<\/strong><\/b>\u00a0Tapaciran prijatnim \u0161tofom, koji nije samo estetski privla\u010dan ve\u0107 i izuzetno udoban<\/li>\n<li><b><strong>Prostor za odlaganje:<\/strong><\/b>\u00a0Prakti\u010dna kutija za posteljinu sa gasnim amortizerima omogu\u0107ava lako podizanje i sigurno skladi\u0161tenje<\/li>\n<li><b><strong>Visina uzglavlja:<\/strong><\/b>\u00a0116 cm \u2013 elegantno oblikovano, pru\u017ea dobar oslonac dok sedite ili se opu\u0161tate<\/li>\n<li><b><strong>Visina sedi\u0161ta:<\/strong><\/b>\u00a060 cm \u2013 savr\u0161ena visina koja omogu\u0107ava udoban ulazak i izlazak iz le\u017eaja<\/li>\n<li><b><strong>Dimenzije du\u0161eka: 160 x 200cm\u00a0<\/strong><\/b><\/li>\n<\/ul>\n<p style=\"font-weight: 400;\">Le\u017eaj\u00a0<b><strong>Maja<\/strong><\/b>\u00a0je pravi izbor za one koji \u017eele da spava\u0107a soba bude ne samo funkcionalna, ve\u0107 i luksuzna. Sa jednostavnim, ali elegantnim izgledom, Maja se lako uklapa u razli\u010dite stilove enterijera, pru\u017eaju\u0107i visok nivo komfora i dugotrajnu izdr\u017eljivost.<\/p>\n","protected":false},"excerpt":{"rendered":"<h1 class=\"text-dune text-base font-semibold md:text-xl\" data-testid=\"product-title\">160&#215;200 cm, Sivi<\/h1>\n","protected":false},"featured_media":254,"comment_status":"open","ping_status":"closed","template":"","meta":[],"product_brand":[],"product_cat":[25],"product_tag":[],"class_list":{"0":"post-250","1":"product","2":"type-product","3":"status-publish","4":"has-post-thumbnail","6":"product_cat-francuski-lezaj","8":"first","9":"instock","10":"sale","11":"shipping-taxable","12":"purchasable","13":"product-type-simple"},"jetpack_sharing_enabled":true,"_links":{"self":[{"href":"https:\/\/trifkebmd.rs\/index.php\/wp-json\/wp\/v2\/product\/250","targetHints":{"allow":["GET"]}}],"collection":[{"href":"https:\/\/trifkebmd.rs\/index.php\/wp-json\/wp\/v2\/product"}],"about":[{"href":"https:\/\/trifkebmd.rs\/index.php\/wp-json\/wp\/v2\/types\/product"}],"replies":[{"embeddable":true,"href":"https:\/\/trifkebmd.rs\/index.php\/wp-json\/wp\/v2\/comments?post=250"}],"wp:featuredmedia":[{"embeddable":true,"href":"https:\/\/trifkebmd.rs\/index.php\/wp-json\/wp\/v2\/media\/254"}],"wp:attachment":[{"href":"https:\/\/trifkebmd.rs\/index.php\/wp-json\/wp\/v2\/media?parent=250"}],"wp:term":[{"taxonomy":"product_brand","embeddable":true,"href":"https:\/\/trifkebmd.rs\/index.php\/wp-json\/wp\/v2\/product_brand?post=250"},{"taxonomy":"product_cat","embeddable":true,"href":"https:\/\/trifkebmd.rs\/index.php\/wp-json\/wp\/v2\/product_cat?post=250"},{"taxonomy":"product_tag","embeddable":true,"href":"https:\/\/trifkebmd.rs\/index.php\/wp-json\/wp\/v2\/product_tag?post=250"}],"curies":[{"name":"wp","href":"https:\/\/api.w.org\/{rel}","templated":true}]}}