{"id":778,"date":"2026-04-17T20:39:54","date_gmt":"2026-04-17T20:39:54","guid":{"rendered":"https:\/\/trifkebmd.rs\/?post_type=product&#038;p=778"},"modified":"2026-05-05T19:45:18","modified_gmt":"2026-05-05T19:45:18","slug":"dvosed-majami-2","status":"publish","type":"product","link":"https:\/\/trifkebmd.rs\/index.php\/product\/dvosed-majami-2\/","title":{"rendered":"Dvosed Majami"},"content":{"rendered":"<p style=\"font-weight: 400;\">Dvosed &#8220;Majami&#8221; je elegantan komad name\u0161taja koji kombinuje savremen dizajn sa udobno\u0161\u0107u. Sa svojim glatkim linijama i modernim oblicima, ovaj dvosed savr\u0161eno se uklapa u svaki enterijer, bilo da je re\u010d o dnevnoj sobi, radnoj sobi ili lounge prostoru.<\/p>\n<p>Prekriven je visokokvalitetnim materijalima koji pru\u017eaju meko\u0107u i trajnost, dok je izbor boja prilago\u0111en savremenim trendovima, omogu\u0107avaju\u0107i lako uklapanje u razli\u010dite stilove.<\/p>\n<p>Osim svoje funkcionalnosti, dvosed &#8220;Majami&#8221; se izdvaja i kao pravi stilizovani akcenat u prostoru, dodaju\u0107i mu sofisticirano<\/p>\n<p style=\"font-weight: 400;\">Sastavljena od kvalitetnih i trajnih materijala, dvosed &#8220;Majami&#8221; je savr\u0161en izbor za va\u0161 dom.<\/p>\n<p>Dimenzije razvu\u010denog dvoseda\u00a0\u00a0su :<\/p>\n<ul>\n<li style=\"font-weight: 400;\">Visina 43cm<br \/>\n\u2022 Du\u017eina 196 cm<br \/>\n\u2022 \u0160irina 127 cm<\/li>\n<\/ul>\n","protected":false},"excerpt":{"rendered":"<h1 class=\"text-dune text-base font-semibold md:text-xl\" data-testid=\"product-title\">120x110cm, Sivi<\/h1>\n","protected":false},"featured_media":884,"comment_status":"open","ping_status":"closed","template":"","meta":[],"product_brand":[],"product_cat":[27],"product_tag":[],"class_list":{"0":"post-778","1":"product","2":"type-product","3":"status-publish","4":"has-post-thumbnail","6":"product_cat-dvosed","8":"first","9":"instock","10":"sale","11":"shipping-taxable","12":"purchasable","13":"product-type-simple"},"jetpack_sharing_enabled":true,"_links":{"self":[{"href":"https:\/\/trifkebmd.rs\/index.php\/wp-json\/wp\/v2\/product\/778","targetHints":{"allow":["GET"]}}],"collection":[{"href":"https:\/\/trifkebmd.rs\/index.php\/wp-json\/wp\/v2\/product"}],"about":[{"href":"https:\/\/trifkebmd.rs\/index.php\/wp-json\/wp\/v2\/types\/product"}],"replies":[{"embeddable":true,"href":"https:\/\/trifkebmd.rs\/index.php\/wp-json\/wp\/v2\/comments?post=778"}],"wp:featuredmedia":[{"embeddable":true,"href":"https:\/\/trifkebmd.rs\/index.php\/wp-json\/wp\/v2\/media\/884"}],"wp:attachment":[{"href":"https:\/\/trifkebmd.rs\/index.php\/wp-json\/wp\/v2\/media?parent=778"}],"wp:term":[{"taxonomy":"product_brand","embeddable":true,"href":"https:\/\/trifkebmd.rs\/index.php\/wp-json\/wp\/v2\/product_brand?post=778"},{"taxonomy":"product_cat","embeddable":true,"href":"https:\/\/trifkebmd.rs\/index.php\/wp-json\/wp\/v2\/product_cat?post=778"},{"taxonomy":"product_tag","embeddable":true,"href":"https:\/\/trifkebmd.rs\/index.php\/wp-json\/wp\/v2\/product_tag?post=778"}],"curies":[{"name":"wp","href":"https:\/\/api.w.org\/{rel}","templated":true}]}}