{"id":811,"date":"2026-04-20T21:49:18","date_gmt":"2026-04-20T21:49:18","guid":{"rendered":"https:\/\/trifkebmd.rs\/?post_type=product&#038;p=811"},"modified":"2026-05-05T19:25:54","modified_gmt":"2026-05-05T19:25:54","slug":"dvosed-domino","status":"publish","type":"product","link":"https:\/\/trifkebmd.rs\/index.php\/product\/dvosed-domino\/","title":{"rendered":"Dvosed Domino"},"content":{"rendered":"<p>Dvosed Domino dimenzija 155&#215;85 cm je prakti\u010dan i kompaktan, savr\u0161en za manje prostore ili kao dopuna trosedu. Fiksne je konstrukcije, \u0161to doprinosi dodatnoj stabilnosti i dugotrajnosti. Pru\u017ea visok nivo udobnosti uz moderan i sveden dizajn.<\/p>\n","protected":false},"excerpt":{"rendered":"<p>Dvosed Domino dimenzija 155&#215;85 cm je prakti\u010dan i kompaktan, savr\u0161en za manje prostore ili kao dopuna trosedu. Fiksne je konstrukcije, \u0161to doprinosi dodatnoj stabilnosti i dugotrajnosti. Pru\u017ea visok nivo udobnosti uz moderan i sveden dizajn.<\/p>\n","protected":false},"featured_media":819,"comment_status":"open","ping_status":"closed","template":"","meta":[],"product_brand":[],"product_cat":[27],"product_tag":[],"class_list":{"0":"post-811","1":"product","2":"type-product","3":"status-publish","4":"has-post-thumbnail","6":"product_cat-dvosed","8":"first","9":"instock","10":"sale","11":"shipping-taxable","12":"purchasable","13":"product-type-simple"},"jetpack_sharing_enabled":true,"_links":{"self":[{"href":"https:\/\/trifkebmd.rs\/index.php\/wp-json\/wp\/v2\/product\/811","targetHints":{"allow":["GET"]}}],"collection":[{"href":"https:\/\/trifkebmd.rs\/index.php\/wp-json\/wp\/v2\/product"}],"about":[{"href":"https:\/\/trifkebmd.rs\/index.php\/wp-json\/wp\/v2\/types\/product"}],"replies":[{"embeddable":true,"href":"https:\/\/trifkebmd.rs\/index.php\/wp-json\/wp\/v2\/comments?post=811"}],"wp:featuredmedia":[{"embeddable":true,"href":"https:\/\/trifkebmd.rs\/index.php\/wp-json\/wp\/v2\/media\/819"}],"wp:attachment":[{"href":"https:\/\/trifkebmd.rs\/index.php\/wp-json\/wp\/v2\/media?parent=811"}],"wp:term":[{"taxonomy":"product_brand","embeddable":true,"href":"https:\/\/trifkebmd.rs\/index.php\/wp-json\/wp\/v2\/product_brand?post=811"},{"taxonomy":"product_cat","embeddable":true,"href":"https:\/\/trifkebmd.rs\/index.php\/wp-json\/wp\/v2\/product_cat?post=811"},{"taxonomy":"product_tag","embeddable":true,"href":"https:\/\/trifkebmd.rs\/index.php\/wp-json\/wp\/v2\/product_tag?post=811"}],"curies":[{"name":"wp","href":"https:\/\/api.w.org\/{rel}","templated":true}]}}