{"id":831,"date":"2026-04-20T22:22:31","date_gmt":"2026-04-20T22:22:31","guid":{"rendered":"https:\/\/trifkebmd.rs\/?post_type=product&#038;p=831"},"modified":"2026-05-05T19:27:56","modified_gmt":"2026-05-05T19:27:56","slug":"dvosed-lana","status":"publish","type":"product","link":"https:\/\/trifkebmd.rs\/index.php\/product\/dvosed-lana\/","title":{"rendered":"Dvosed Lana"},"content":{"rendered":"<p>Dvosed Lana dimenzija 160&#215;100 cm idealan je kao dopuna trosedu ili kao samostalan komad name\u0161taja u manjim prostorima. Fiksne je konstrukcije, \u0161to obezbe\u0111uje dodatnu \u010dvrstinu i pouzdanost, dok udobno sedi\u0161te pru\u017ea prijatan ose\u0107aj pri kori\u0161\u0107enju.<\/p>\n","protected":false},"excerpt":{"rendered":"<p>Dvosed Lana dimenzija 160&#215;100 cm idealan je kao dopuna trosedu ili kao samostalan komad name\u0161taja u manjim prostorima. Fiksne je konstrukcije, \u0161to obezbe\u0111uje dodatnu \u010dvrstinu i pouzdanost, dok udobno sedi\u0161te pru\u017ea prijatan ose\u0107aj pri kori\u0161\u0107enju.<\/p>\n","protected":false},"featured_media":871,"comment_status":"open","ping_status":"closed","template":"","meta":[],"product_brand":[],"product_cat":[27],"product_tag":[],"class_list":{"0":"post-831","1":"product","2":"type-product","3":"status-publish","4":"has-post-thumbnail","6":"product_cat-dvosed","8":"first","9":"instock","10":"sale","11":"shipping-taxable","12":"purchasable","13":"product-type-simple"},"jetpack_sharing_enabled":true,"_links":{"self":[{"href":"https:\/\/trifkebmd.rs\/index.php\/wp-json\/wp\/v2\/product\/831","targetHints":{"allow":["GET"]}}],"collection":[{"href":"https:\/\/trifkebmd.rs\/index.php\/wp-json\/wp\/v2\/product"}],"about":[{"href":"https:\/\/trifkebmd.rs\/index.php\/wp-json\/wp\/v2\/types\/product"}],"replies":[{"embeddable":true,"href":"https:\/\/trifkebmd.rs\/index.php\/wp-json\/wp\/v2\/comments?post=831"}],"wp:featuredmedia":[{"embeddable":true,"href":"https:\/\/trifkebmd.rs\/index.php\/wp-json\/wp\/v2\/media\/871"}],"wp:attachment":[{"href":"https:\/\/trifkebmd.rs\/index.php\/wp-json\/wp\/v2\/media?parent=831"}],"wp:term":[{"taxonomy":"product_brand","embeddable":true,"href":"https:\/\/trifkebmd.rs\/index.php\/wp-json\/wp\/v2\/product_brand?post=831"},{"taxonomy":"product_cat","embeddable":true,"href":"https:\/\/trifkebmd.rs\/index.php\/wp-json\/wp\/v2\/product_cat?post=831"},{"taxonomy":"product_tag","embeddable":true,"href":"https:\/\/trifkebmd.rs\/index.php\/wp-json\/wp\/v2\/product_tag?post=831"}],"curies":[{"name":"wp","href":"https:\/\/api.w.org\/{rel}","templated":true}]}}