{"id":862,"date":"2026-05-05T19:16:21","date_gmt":"2026-05-05T19:16:21","guid":{"rendered":"https:\/\/trifkebmd.rs\/?post_type=product&#038;p=862"},"modified":"2026-05-05T19:26:17","modified_gmt":"2026-05-05T19:26:17","slug":"dvosed-ravena","status":"publish","type":"product","link":"https:\/\/trifkebmd.rs\/index.php\/product\/dvosed-ravena\/","title":{"rendered":"Dvosed Ravena"},"content":{"rendered":"<p>Dvosed Ravena \u2013 155 x 100 cm<\/p>\n<p>Dvosed Ravena predstavlja idealan spoj modernog dizajna, udobnosti i kvaliteta izrade. Svojim elegantnim linijama lako se uklapa u razli\u010dite enterijere, bilo da je u pitanju savremeno ili klasi\u010dno ure\u0111en prostor.<\/p>\n<p>Konstrukcija je izra\u0111ena od kvalitetne daske, \u0161to obezbe\u0111uje \u010dvrstinu i dugotrajnost, dok sedi\u0161te od sundjera pru\u017ea visok nivo udobnosti pri svakodnevnom kori\u0161\u0107enju. Presvlaka od prijatnog \u0161tofa dodatno doprinosi komforu i estetskom izgledu.<\/p>\n<p>Sa dimenzijama 155 x 100 cm, dvosed Ravena je prakti\u010dno re\u0161enje za dnevne boravke, apartmane ili manje prostore gde je potrebna funkcionalnost bez kompromisa na udobnosti.<\/p>\n","protected":false},"excerpt":{"rendered":"<p>Dvosed Ravena \u2013 155 x 100 cm Dvosed Ravena predstavlja idealan spoj modernog dizajna, udobnosti i kvaliteta izrade. Svojim elegantnim linijama lako se uklapa u razli\u010dite enterijere, bilo da je u pitanju savremeno ili klasi\u010dno ure\u0111en prostor. Konstrukcija je izra\u0111ena od kvalitetne daske, \u0161to obezbe\u0111uje \u010dvrstinu i dugotrajnost, dok sedi\u0161te od sundjera pru\u017ea visok nivo [&hellip;]<\/p>\n","protected":false},"featured_media":864,"comment_status":"open","ping_status":"closed","template":"","meta":[],"product_brand":[],"product_cat":[27],"product_tag":[],"class_list":{"0":"post-862","1":"product","2":"type-product","3":"status-publish","4":"has-post-thumbnail","6":"product_cat-dvosed","8":"first","9":"instock","10":"sale","11":"shipping-taxable","12":"purchasable","13":"product-type-simple"},"jetpack_sharing_enabled":true,"_links":{"self":[{"href":"https:\/\/trifkebmd.rs\/index.php\/wp-json\/wp\/v2\/product\/862","targetHints":{"allow":["GET"]}}],"collection":[{"href":"https:\/\/trifkebmd.rs\/index.php\/wp-json\/wp\/v2\/product"}],"about":[{"href":"https:\/\/trifkebmd.rs\/index.php\/wp-json\/wp\/v2\/types\/product"}],"replies":[{"embeddable":true,"href":"https:\/\/trifkebmd.rs\/index.php\/wp-json\/wp\/v2\/comments?post=862"}],"wp:featuredmedia":[{"embeddable":true,"href":"https:\/\/trifkebmd.rs\/index.php\/wp-json\/wp\/v2\/media\/864"}],"wp:attachment":[{"href":"https:\/\/trifkebmd.rs\/index.php\/wp-json\/wp\/v2\/media?parent=862"}],"wp:term":[{"taxonomy":"product_brand","embeddable":true,"href":"https:\/\/trifkebmd.rs\/index.php\/wp-json\/wp\/v2\/product_brand?post=862"},{"taxonomy":"product_cat","embeddable":true,"href":"https:\/\/trifkebmd.rs\/index.php\/wp-json\/wp\/v2\/product_cat?post=862"},{"taxonomy":"product_tag","embeddable":true,"href":"https:\/\/trifkebmd.rs\/index.php\/wp-json\/wp\/v2\/product_tag?post=862"}],"curies":[{"name":"wp","href":"https:\/\/api.w.org\/{rel}","templated":true}]}}